{"id":4365,"date":"2021-09-28T14:42:32","date_gmt":"2021-09-28T11:42:32","guid":{"rendered":"https:\/\/arabianpalvelu.fi\/etusivu\/"},"modified":"2023-05-03T11:58:08","modified_gmt":"2023-05-03T08:58:08","slug":"etusivu","status":"publish","type":"page","link":"https:\/\/arabianpalvelu.fi\/sv\/","title":{"rendered":"Framsidan"},"content":{"rendered":"\r\n\r\n\r\n    <div class=\"swiper heroswiper alignfull\">\r\n        <!-- Additional required wrapper -->\r\n        <div class=\"swiper-wrapper\">\r\n            \n\r\n\r\n<section class=\"hero site-banner banner-bg-image section-right default alignfull image swiper-slide\">\r\n\r\n    <div class=\"site-banner-bg section-bg-image \" >\r\n\r\n        <img loading=\"lazy\" decoding=\"async\" width=\"1920\" height=\"1259\" src=\"https:\/\/arabianpalvelu.fi\/wp-content\/uploads\/2023\/04\/arabianranta-01.jpg\" class=\"attachment-1536\u00d71536 size-1536\u00d71536\" alt=\"\" srcset=\"https:\/\/arabianpalvelu.fi\/wp-content\/uploads\/2023\/04\/arabianranta-01.jpg 1920w, https:\/\/arabianpalvelu.fi\/wp-content\/uploads\/2023\/04\/arabianranta-01-300x197.jpg 300w, https:\/\/arabianpalvelu.fi\/wp-content\/uploads\/2023\/04\/arabianranta-01-1024x671.jpg 1024w, https:\/\/arabianpalvelu.fi\/wp-content\/uploads\/2023\/04\/arabianranta-01-768x504.jpg 768w, https:\/\/arabianpalvelu.fi\/wp-content\/uploads\/2023\/04\/arabianranta-01-1536x1007.jpg 1536w\" sizes=\"auto, (max-width: 1920px) 100vw, 1920px\" \/><\/div>\r\n        \r\n            <div class=\"site-banner-content container has-background has-pink-background-color\">\r\n                <div class=\"row w-100\">\r\n                    <div class=\"col-md-12\">\r\n\r\n                        <h2 class=\"hero-title\">Arabian Palvelu Oy<\/h2><div class=\"inner-content\">\r\n                            <div class=\"acf-innerblocks-container\"><\/div>\r\n                        <\/div>                    <\/div>\r\n                <\/div>\r\n            <\/div>\r\n        \r\n        <\/section>\n\n\r\n\r\n<section class=\"hero site-banner banner-bg-image section-image-only  alignfull image swiper-slide\">\r\n\r\n    <div class=\"site-banner-bg section-bg-image \" >\r\n\r\n        <img loading=\"lazy\" decoding=\"async\" width=\"1920\" height=\"1079\" src=\"https:\/\/arabianpalvelu.fi\/wp-content\/uploads\/2023\/04\/arabianranta-02.jpg\" class=\"attachment-1536\u00d71536 size-1536\u00d71536\" alt=\"\" srcset=\"https:\/\/arabianpalvelu.fi\/wp-content\/uploads\/2023\/04\/arabianranta-02.jpg 1920w, https:\/\/arabianpalvelu.fi\/wp-content\/uploads\/2023\/04\/arabianranta-02-300x169.jpg 300w, https:\/\/arabianpalvelu.fi\/wp-content\/uploads\/2023\/04\/arabianranta-02-1024x575.jpg 1024w, https:\/\/arabianpalvelu.fi\/wp-content\/uploads\/2023\/04\/arabianranta-02-768x432.jpg 768w, https:\/\/arabianpalvelu.fi\/wp-content\/uploads\/2023\/04\/arabianranta-02-1536x863.jpg 1536w\" sizes=\"auto, (max-width: 1920px) 100vw, 1920px\" \/>\r\n        \r\n        <\/section>\n\n\r\n\r\n<section class=\"hero site-banner banner-bg-image section-image-only  alignfull image swiper-slide\">\r\n\r\n    <div class=\"site-banner-bg section-bg-image \" >\r\n\r\n        <img loading=\"lazy\" decoding=\"async\" width=\"1920\" height=\"1079\" src=\"https:\/\/arabianpalvelu.fi\/wp-content\/uploads\/2023\/04\/arabianranta-03.jpg\" class=\"attachment-1536\u00d71536 size-1536\u00d71536\" alt=\"\" srcset=\"https:\/\/arabianpalvelu.fi\/wp-content\/uploads\/2023\/04\/arabianranta-03.jpg 1920w, https:\/\/arabianpalvelu.fi\/wp-content\/uploads\/2023\/04\/arabianranta-03-300x169.jpg 300w, https:\/\/arabianpalvelu.fi\/wp-content\/uploads\/2023\/04\/arabianranta-03-1024x575.jpg 1024w, https:\/\/arabianpalvelu.fi\/wp-content\/uploads\/2023\/04\/arabianranta-03-768x432.jpg 768w, https:\/\/arabianpalvelu.fi\/wp-content\/uploads\/2023\/04\/arabianranta-03-1536x863.jpg 1536w\" sizes=\"auto, (max-width: 1920px) 100vw, 1920px\" \/>\r\n        \r\n        <\/section>\n\n\r\n\r\n<section class=\"hero site-banner banner-bg-image section-image-only  alignfull image swiper-slide\">\r\n\r\n    <div class=\"site-banner-bg section-bg-image \" >\r\n\r\n        <img loading=\"lazy\" decoding=\"async\" width=\"1920\" height=\"1440\" src=\"https:\/\/arabianpalvelu.fi\/wp-content\/uploads\/2023\/04\/arabianranta-05.jpg\" class=\"attachment-1536\u00d71536 size-1536\u00d71536\" alt=\"\" srcset=\"https:\/\/arabianpalvelu.fi\/wp-content\/uploads\/2023\/04\/arabianranta-05.jpg 1920w, https:\/\/arabianpalvelu.fi\/wp-content\/uploads\/2023\/04\/arabianranta-05-300x225.jpg 300w, https:\/\/arabianpalvelu.fi\/wp-content\/uploads\/2023\/04\/arabianranta-05-1024x768.jpg 1024w, https:\/\/arabianpalvelu.fi\/wp-content\/uploads\/2023\/04\/arabianranta-05-768x576.jpg 768w, https:\/\/arabianpalvelu.fi\/wp-content\/uploads\/2023\/04\/arabianranta-05-1536x1152.jpg 1536w\" sizes=\"auto, (max-width: 1920px) 100vw, 1920px\" \/>\r\n        \r\n        <\/section>\n\n\r\n\r\n<section class=\"hero site-banner banner-bg-image section-image-only  alignfull image swiper-slide\">\r\n\r\n    <div class=\"site-banner-bg section-bg-image \" >\r\n\r\n        <img loading=\"lazy\" decoding=\"async\" width=\"1920\" height=\"1079\" src=\"https:\/\/arabianpalvelu.fi\/wp-content\/uploads\/2023\/04\/arabianranta-03.jpg\" class=\"attachment-1536\u00d71536 size-1536\u00d71536\" alt=\"\" srcset=\"https:\/\/arabianpalvelu.fi\/wp-content\/uploads\/2023\/04\/arabianranta-03.jpg 1920w, https:\/\/arabianpalvelu.fi\/wp-content\/uploads\/2023\/04\/arabianranta-03-300x169.jpg 300w, https:\/\/arabianpalvelu.fi\/wp-content\/uploads\/2023\/04\/arabianranta-03-1024x575.jpg 1024w, https:\/\/arabianpalvelu.fi\/wp-content\/uploads\/2023\/04\/arabianranta-03-768x432.jpg 768w, https:\/\/arabianpalvelu.fi\/wp-content\/uploads\/2023\/04\/arabianranta-03-1536x863.jpg 1536w\" sizes=\"auto, (max-width: 1920px) 100vw, 1920px\" \/>\r\n        \r\n        <\/section>\n        <\/div>\r\n        <!-- If we need pagination -->\r\n                    <div class=\"swiper-pagination\"><\/div>\r\n        \r\n        <!-- If we need navigation buttons -->\r\n                    <div class=\"swiper-button-prev\"><\/div>\r\n            <div class=\"swiper-button-next\"><\/div>\r\n        \r\n    <\/div>\r\n\r\n    \r\n\n\n\n<div class=\"wp-block-group alignfull has-light-gray-background-color has-background\"><div class=\"wp-block-group__inner-container is-layout-flow wp-block-group-is-layout-flow\">\n<div class=\"wp-block-group\"><div class=\"wp-block-group__inner-container is-layout-flow wp-block-group-is-layout-flow\">\n<div class=\"wp-block-columns nosto-kuva-ja-teksti is-layout-flex wp-container-core-columns-is-layout-9d6595d7 wp-block-columns-is-layout-flex\">\n<div class=\"wp-block-column has-arabian-blue-background-color has-background is-layout-flow wp-block-column-is-layout-flow\">\n<figure class=\"wp-block-image size-full\"><img loading=\"lazy\" decoding=\"async\" width=\"500\" height=\"500\" src=\"https:\/\/arabianpalvelu.fi\/wp-content\/uploads\/2023\/04\/yhteispihat-uai-500x500-1.jpg\" alt=\"\" class=\"wp-image-4000\" srcset=\"https:\/\/arabianpalvelu.fi\/wp-content\/uploads\/2023\/04\/yhteispihat-uai-500x500-1.jpg 500w, https:\/\/arabianpalvelu.fi\/wp-content\/uploads\/2023\/04\/yhteispihat-uai-500x500-1-300x300.jpg 300w, https:\/\/arabianpalvelu.fi\/wp-content\/uploads\/2023\/04\/yhteispihat-uai-500x500-1-150x150.jpg 150w\" sizes=\"auto, (max-width: 500px) 100vw, 500px\" \/><\/figure>\n\n\n\n<h2 class=\"wp-block-heading has-white-color has-text-color\">Gemensamma g\u00e5rdar<\/h2>\n\n\n\n<p class=\"has-white-color has-text-color\">De gemensamma g\u00e5rdar \u00e4r, som namnet antyder, en innerg\u00e5rd som gemensamt \u00e4gs av bostadsf\u00f6retag som tillh\u00f6r den arabiska tj\u00e4nsten och som \u00e4r avsedda f\u00f6r gemensamt bruk av inv\u00e5narna.<\/p>\n\n\n\n<div class=\"wp-block-buttons is-layout-flex wp-block-buttons-is-layout-flex\">\n<div class=\"wp-block-button\"><a class=\"wp-block-button__link wp-element-button\" href=\"https:\/\/arabianpalvelu.fi\/sv\/gemensamma-gardar\/\">L\u00e4s mera<\/a><\/div>\n<\/div>\n<\/div>\n\n\n\n<div class=\"wp-block-column has-pink-background-color has-background is-layout-flow wp-block-column-is-layout-flow\">\n<figure class=\"wp-block-image size-full\"><img loading=\"lazy\" decoding=\"async\" width=\"500\" height=\"500\" src=\"https:\/\/arabianpalvelu.fi\/wp-content\/uploads\/2023\/04\/asukaspysakointi.jpg\" alt=\"\" class=\"wp-image-3996\" srcset=\"https:\/\/arabianpalvelu.fi\/wp-content\/uploads\/2023\/04\/asukaspysakointi.jpg 500w, https:\/\/arabianpalvelu.fi\/wp-content\/uploads\/2023\/04\/asukaspysakointi-300x300.jpg 300w, https:\/\/arabianpalvelu.fi\/wp-content\/uploads\/2023\/04\/asukaspysakointi-150x150.jpg 150w\" sizes=\"auto, (max-width: 500px) 100vw, 500px\" \/><\/figure>\n\n\n\n<h2 class=\"wp-block-heading has-white-color has-text-color\">Boendeparkering<\/h2>\n\n\n\n<p class=\"has-white-color has-text-color\">Arabianranta Parkeringsplatser kontrolleras av bostadsf\u00f6retag och hyrs vanligtvis ut gemon en fastighetsf\u00f6rvalta re vars kontaktinformatio n kan hittas p\u00e5 din fastighetskort.<\/p>\n\n\n\n<div class=\"wp-block-buttons is-layout-flex wp-block-buttons-is-layout-flex\">\n<div class=\"wp-block-button\"><a class=\"wp-block-button__link wp-element-button\" href=\"https:\/\/arabianpalvelu.fi\/sv\/asukaspysakointi\/\">L\u00e4s mera<\/a><\/div>\n<\/div>\n<\/div>\n\n\n\n<div class=\"wp-block-column has-arabian-green-background-color has-background is-layout-flow wp-block-column-is-layout-flow\">\n<figure class=\"wp-block-image size-full\"><img loading=\"lazy\" decoding=\"async\" width=\"720\" height=\"720\" src=\"https:\/\/arabianpalvelu.fi\/wp-content\/uploads\/2023\/04\/asukastalot-01-uai-720x720-1.jpg\" alt=\"\" class=\"wp-image-3998\" srcset=\"https:\/\/arabianpalvelu.fi\/wp-content\/uploads\/2023\/04\/asukastalot-01-uai-720x720-1.jpg 720w, https:\/\/arabianpalvelu.fi\/wp-content\/uploads\/2023\/04\/asukastalot-01-uai-720x720-1-300x300.jpg 300w, https:\/\/arabianpalvelu.fi\/wp-content\/uploads\/2023\/04\/asukastalot-01-uai-720x720-1-150x150.jpg 150w\" sizes=\"auto, (max-width: 720px) 100vw, 720px\" \/><\/figure>\n\n\n\n<h2 class=\"wp-block-heading has-white-color has-text-color\">Bokvillan<\/h2>\n\n\n\n<p class=\"has-white-color has-text-color\">Arabian Palvelu Oy hallinnoi yhteistila Bokvillania. Varaa harrastustila tai viet\u00e4 juhlia kauniissa vanhassa Bokvillanin huvilassa. Varaukset sivulta&nbsp;<a href=\"http:\/\/www.bokvillan.fi\/\">www.bokvillan.fi<\/a><\/p>\n\n\n\n<div class=\"wp-block-buttons is-layout-flex wp-block-buttons-is-layout-flex\">\n<div class=\"wp-block-button\"><a class=\"wp-block-button__link wp-element-button\" href=\"https:\/\/arabianpalvelu.fi\/bokvillan\/\">L\u00e4s mera<\/a><\/div>\n<\/div>\n<\/div>\n<\/div>\n<\/div><\/div>\n<\/div><\/div>\n\n\n\n<div class=\"wp-block-columns is-style-narrow is-layout-flex wp-container-core-columns-is-layout-9d6595d7 wp-block-columns-is-layout-flex\">\n<div class=\"wp-block-column is-layout-flow wp-block-column-is-layout-flow\">\n<h3 class=\"wp-block-heading\">Arabian Palvelu \u00e4r ett lokalt servicebolag som ansvarar f\u00f6r kollektivg\u00e5rdarna, parkeringsplatserna och Bokvillans klubblokal i Arabiastranden. Bolaget \u00e4gs av omr\u00e5dets husbolag.<\/h3>\n<\/div>\n<\/div>\n\n\n<div class=\"image-and-text wp-block has-media-on-the-right shadow\">\r\n<div class=\"row rounded\">\r\n    <div class=\"col-12 col-md-5 image-col\">\r\n\r\n        <img loading=\"lazy\" decoding=\"async\" width=\"800\" height=\"534\" src=\"https:\/\/arabianpalvelu.fi\/wp-content\/uploads\/2023\/04\/arabian-palvelut-3-1024x683.jpg\" class=\"attachment-large size-large\" alt=\"\" srcset=\"https:\/\/arabianpalvelu.fi\/wp-content\/uploads\/2023\/04\/arabian-palvelut-3-1024x683.jpg 1024w, https:\/\/arabianpalvelu.fi\/wp-content\/uploads\/2023\/04\/arabian-palvelut-3-300x200.jpg 300w, https:\/\/arabianpalvelu.fi\/wp-content\/uploads\/2023\/04\/arabian-palvelut-3-768x512.jpg 768w, https:\/\/arabianpalvelu.fi\/wp-content\/uploads\/2023\/04\/arabian-palvelut-3-1536x1024.jpg 1536w, https:\/\/arabianpalvelu.fi\/wp-content\/uploads\/2023\/04\/arabian-palvelut-3.jpg 1920w\" sizes=\"auto, (max-width: 800px) 100vw, 800px\" \/>    <\/div>\r\n\r\n    <div class=\"col-12 col-md-7 text-col\"><div class=\"acf-innerblocks-container\">\n\n<p>Arabiastranden \u00e4r k\u00e4nd som en konst- och designstadsdel, som gr\u00e4nsar till den unika strandparken. I omr\u00e5det eller i dess omedelbara n\u00e4rhet finns signifikanta historiska byggnadsverk, som t.ex. Arabias gamla fabriksbyggnad, Bokvillan, samt Villa Anneberg, som alla uppf\u00f6rts p\u00e5 1800-talet. Husbolagen som h\u00f6r till Arabian Palvelu Oy, samt g\u00e5rdarna inklusive konstverken, \u00e4r byggda 2002-2013.<\/p>\n\n\n\n<p>Arabiastranden \u00e4r byggd enligt procentprincipen: staden har f\u00f6rpliktigat mark-\/fastighets\u00e4garna att l\u00e4gga 1-2 procent av projektkostnaderna p\u00e5 konstverk.<\/p>\n\n\n\n<p>Ut\u00f6ver konstverken som \u00e4gs av Arabian Palvelu Oy, finns det rikligt med offentlig konst som \u00e4gs av husbolagen och Helsingfors stad p\u00e5 omr\u00e5det.<\/p>\n\n<\/div>\r\n<\/div>\r\n<\/div>\r\n<\/div>\n\n\n<div class=\"wp-block-cover is-light has-parallax\"><span aria-hidden=\"true\" class=\"wp-block-cover__background has-pink-background-color has-background-dim-70 has-background-dim\"><\/span><div role=\"img\" class=\"wp-block-cover__image-background wp-image-3995 has-parallax\" style=\"background-position:50% 50%;background-image:url(https:\/\/arabianpalvelu.fi\/wp-content\/uploads\/2023\/04\/taide-uai-1166x500-1.jpg)\"><\/div><div class=\"wp-block-cover__inner-container is-layout-flow wp-block-cover-is-layout-flow\">\n<p class=\"has-text-align-center has-large-font-size\">Arabiastrandens konstverk<\/p>\n\n\n\n<p class=\"has-text-align-center\">Arabianranta \u00e4r k\u00e4nt som ett konst- och designomr\u00e5de, d\u00e4r konst sammanfl\u00e4tas med inv\u00e5narnas vardag. F\u00f6rutom konstverk visas det i konstskolor, i omr\u00e5dets historia och i namnen p\u00e5 gatorna och platserna.<\/p>\n\n\n\n<div class=\"wp-block-buttons is-content-justification-center is-layout-flex wp-container-core-buttons-is-layout-16018d1d wp-block-buttons-is-layout-flex\">\n<div class=\"wp-block-button\"><a class=\"wp-block-button__link has-text-align-center wp-element-button\" href=\"https:\/\/arabianpalvelu.fi\/sv\/arabiastrandens-konstverk\/\">L\u00e4s mera<\/a><\/div>\n<\/div>\n<\/div><\/div>\n","protected":false},"excerpt":{"rendered":"<p>Gemensamma g\u00e5rdar De gemensamma g\u00e5rdar \u00e4r, som namnet antyder, en innerg\u00e5rd som gemensamt \u00e4gs av bostadsf\u00f6retag som tillh\u00f6r den arabiska tj\u00e4nsten och som \u00e4r avsedda f\u00f6r gemensamt bruk av inv\u00e5narna. Boendeparkering Arabianranta Parkeringsplatser kontrolleras av bostadsf\u00f6retag och hyrs vanligtvis ut gemon en fastighetsf\u00f6rvalta re vars kontaktinformatio n kan hittas p\u00e5 din fastighetskort. Bokvillan Arabian Palvelu [&hellip;]<\/p>\n","protected":false},"author":1,"featured_media":0,"parent":0,"menu_order":1,"comment_status":"closed","ping_status":"closed","template":"","meta":{"_acf_changed":false,"footnotes":""},"class_list":["post-4365","page","type-page","status-publish","hentry"],"acf":[],"aioseo_notices":[],"_links":{"self":[{"href":"https:\/\/arabianpalvelu.fi\/sv\/wp-json\/wp\/v2\/pages\/4365","targetHints":{"allow":["GET"]}}],"collection":[{"href":"https:\/\/arabianpalvelu.fi\/sv\/wp-json\/wp\/v2\/pages"}],"about":[{"href":"https:\/\/arabianpalvelu.fi\/sv\/wp-json\/wp\/v2\/types\/page"}],"author":[{"embeddable":true,"href":"https:\/\/arabianpalvelu.fi\/sv\/wp-json\/wp\/v2\/users\/1"}],"replies":[{"embeddable":true,"href":"https:\/\/arabianpalvelu.fi\/sv\/wp-json\/wp\/v2\/comments?post=4365"}],"version-history":[{"count":0,"href":"https:\/\/arabianpalvelu.fi\/sv\/wp-json\/wp\/v2\/pages\/4365\/revisions"}],"wp:attachment":[{"href":"https:\/\/arabianpalvelu.fi\/sv\/wp-json\/wp\/v2\/media?parent=4365"}],"curies":[{"name":"wp","href":"https:\/\/api.w.org\/{rel}","templated":true}]}}