{"id":4371,"date":"2023-04-26T14:05:59","date_gmt":"2023-04-26T11:05:59","guid":{"rendered":"https:\/\/arabianpalvelu.fi\/asukaspysakointi\/"},"modified":"2023-05-03T11:00:15","modified_gmt":"2023-05-03T08:00:15","slug":"asukaspysakointi","status":"publish","type":"page","link":"https:\/\/arabianpalvelu.fi\/sv\/asukaspysakointi\/","title":{"rendered":"Boendeparkering"},"content":{"rendered":"\r\n\r\n<section class=\"hero site-banner banner-bg-image section-default default alignfull image\">\r\n\r\n    <div class=\"site-banner-bg section-bg-image \" >\r\n\r\n        <img loading=\"lazy\" decoding=\"async\" width=\"1920\" height=\"1079\" src=\"https:\/\/arabianpalvelu.fi\/wp-content\/uploads\/2023\/04\/arcadanleijonat.jpg\" class=\"attachment-1536\u00d71536 size-1536\u00d71536\" alt=\"\" srcset=\"https:\/\/arabianpalvelu.fi\/wp-content\/uploads\/2023\/04\/arcadanleijonat.jpg 1920w, https:\/\/arabianpalvelu.fi\/wp-content\/uploads\/2023\/04\/arcadanleijonat-300x169.jpg 300w, https:\/\/arabianpalvelu.fi\/wp-content\/uploads\/2023\/04\/arcadanleijonat-1024x575.jpg 1024w, https:\/\/arabianpalvelu.fi\/wp-content\/uploads\/2023\/04\/arcadanleijonat-768x432.jpg 768w, https:\/\/arabianpalvelu.fi\/wp-content\/uploads\/2023\/04\/arcadanleijonat-1536x863.jpg 1536w\" sizes=\"auto, (max-width: 1920px) 100vw, 1920px\" \/>\r\n        \r\n            <div class=\"site-banner-content container \">\r\n                <div class=\"row w-100\">\r\n                    <div class=\"col-md-12\">\r\n\r\n                        <h1 class=\"hero-title\">Boendeparkering<\/h1><div class=\"inner-content\">\r\n                            <div class=\"acf-innerblocks-container\"><\/div>\r\n                        <\/div>                    <\/div>\r\n                <\/div>\r\n            <\/div>\r\n        \r\n        <\/div><\/section>\n\n\n<p>Parkeringplatserna som h\u00f6r till Arabian Palvelu Oy f\u00f6rvaltas av husbolagen. Uthyrningen sk\u00f6ts vanligen av husbolagets egna disponent.<\/p>\n\n\n\n<p>Reservnyckel kan best\u00e4llas fr\u00e5n l\u00e5ssmed p\u00e5 egen bekostnad.<\/p>\n\n\n\n<p><strong>Felmeddelande om parkeringsplatsen under Arabian Palvelu Oy:s ansvar<\/strong><\/p>\n\n\n\n<p>Tehomen Oy<br>telef. 050 911 3857 (kundtj\u00e4nst)<br>e-post:&nbsp;<a href=\"mailto:info@tehomen.fi\">info@tehomen.fi<\/a><\/p>\n\n\n\n<h2 class=\"wp-block-heading\">\u00d6vrig parkering<\/h2>\n\n\n\n<p><strong>Helsingsfors stad ansvarar f\u00f6r den allm\u00e4nna parkeringen l\u00e4ngst gatorna, samt \u00f6vervakningen av den.<\/strong><\/p>\n\n\n\n<p>Helsingfors stads stadsmilj\u00f6, kundtj\u00e4nst<br>telef.&nbsp;<a href=\"tel:0931022111\">(09) 310 22111<\/a><br>e-post:&nbsp;<a href=\"https:\/\/arabianpalvelu.fi\/sv\/boendeparkering\/%22mailto:pysakointi@hel.fi\">pysakointi@hel.fi<\/a> Postadress<br>PL 1508<br>00099 Helsingin kaupunki<\/p>\n\n\n\n<div class=\"wp-block-group has-light-gray-background-color has-background\"><div class=\"wp-block-group__inner-container is-layout-constrained wp-block-group-is-layout-constrained\">\n<h2 class=\"wp-block-heading\">Att ta elstolpe i bruk<\/h2>\n\n\n\n<p>Kontakta er disponent f\u00f6r att g\u00f6ra ett avtal p\u00e5 bilplats och laddning.<\/p>\n\n\n\n<p>N\u00e4r disponenten har f\u00f6rmedlat uppgifterna p\u00e5 avtalet vidare till Arabian Palvelu Oy, kan elstolpens laddningsfunktion kopplas i bruk.<\/p>\n\n\n\n<p>Efter detta kan laddningen anv\u00e4ndas b\u00e5de manuellt och p\u00e5 distans. F\u00f6r att anv\u00e4nda stolpen distant, laddamobilapplikation enligt Tehomen Oy:s instruktioner nedanom. (Instruktionerna tillsvidare p\u00e5 finska)<\/p>\n\n\n\n<div class=\"wp-block-buttons is-layout-flex wp-block-buttons-is-layout-flex\">\n<div class=\"wp-block-button\"><a class=\"wp-block-button__link wp-element-button\" href=\"https:\/\/arabianpalvelu.fi\/wp-content\/uploads\/2023\/05\/etolppa-kayttoohje.pdf\">Instruktionerna<\/a><\/div>\n<\/div>\n<\/div><\/div>\n\n\n\n<h2 class=\"wp-block-heading\">PARKERINGSREGLER<\/h2>\n\n\n\n<p>\u2013 Husbolagets disponent sk\u00f6ter uthyrningen av parkeringsplatser och l\u00e4mnar ut nycklar till elstolparna.<\/p>\n\n\n\n<p>\u2013 Parkeringsavgiften avg\u00f6rs av husbolaget. Husbolaget sk\u00f6ter \u00e4ven debiteringen.<\/p>\n\n\n\n<p>\u2013 Parkeringsplatsen f\u00e5r bara anv\u00e4ndas f\u00f6r personbilar, herrg\u00e5rdsvagnar (farmare), paketbilar eller motorcyklar som \u00e4r i bruk. Det inte till\u00e5tet att t.ex. f\u00f6rvara d\u00e4ck, avst\u00e4llda fordon eller annan biltillbeh\u00f6r p\u00e5 parkeringsplatsen.<\/p>\n\n\n\n<p>\u2013 Fordonet ska alltid parkeras p\u00e5 den plats som anges i hyresavtalet.<\/p>\n\n\n\n<p>\u2013 On\u00f6dig tomg\u00e5ngsk\u00f6rning \u00e4r inte till\u00e5ten p\u00e5 omr\u00e5det.<\/p>\n\n\n\n<p>\u2013 Biluppv\u00e4rmningskabeln skall avl\u00e4gsnas stolpen d\u00e5 laddningen \u00e4r \u00f6ver.<\/p>\n\n\n\n<p>\u2013 Det \u00e4r inte till\u00e5tet att ladda el- och hybridbilar via uppv\u00e4rmningsstolparna utan avskilt laddningsavtal.<\/p>\n\n\n\n<p>\u2013 B\u00e5de allm\u00e4nna ordningsregler och brandmyndighetens best\u00e4mmelser g\u00e4ller \u00e4ven p\u00e5 parkeringsplatsen.<\/p>\n\n\n\n<p>\u2013 Om innehavaren av parkeringsplats inte f\u00f6ljer Arabian Palvelu Oy:s, eller husfbolagets regler och best\u00e4mmelser, kan hyres- och laddningsavtalet s\u00e4gas upp med omedelbar verkan.<\/p>\n\n\n<div class=\"image-and-text wp-block has-media-on-the-left shadow\">\r\n<div class=\"row rounded\">\r\n    <div class=\"col-12 col-md-6 image-col\">\r\n\r\n        <img loading=\"lazy\" decoding=\"async\" width=\"800\" height=\"534\" src=\"https:\/\/arabianpalvelu.fi\/wp-content\/uploads\/2023\/04\/arabian-palvelut-9-1024x683.jpg\" class=\"attachment-large size-large\" alt=\"\" srcset=\"https:\/\/arabianpalvelu.fi\/wp-content\/uploads\/2023\/04\/arabian-palvelut-9-1024x683.jpg 1024w, https:\/\/arabianpalvelu.fi\/wp-content\/uploads\/2023\/04\/arabian-palvelut-9-300x200.jpg 300w, https:\/\/arabianpalvelu.fi\/wp-content\/uploads\/2023\/04\/arabian-palvelut-9-768x512.jpg 768w, https:\/\/arabianpalvelu.fi\/wp-content\/uploads\/2023\/04\/arabian-palvelut-9-1536x1024.jpg 1536w, https:\/\/arabianpalvelu.fi\/wp-content\/uploads\/2023\/04\/arabian-palvelut-9.jpg 1920w\" sizes=\"auto, (max-width: 800px) 100vw, 800px\" \/>    <\/div>\r\n\r\n    <div class=\"col-12 col-md-6 text-col has-background has-arabian-blue-background-color\"><div class=\"acf-innerblocks-container\">\n\n<h3 class=\"wp-block-heading has-white-color has-text-color\">Nyckel till elstolpe<\/h3>\n\n\n\n<p class=\"has-white-color has-text-color\">Anv\u00e4ndaren f\u00e5r en nyckel till elstolpen. Arabian Palvelu har l\u00e4mnat \u00f6ver elstolparnas nycklar till disponenterna, som ansvarar f\u00f6r uthyrningen av parkeringsplatserna och utl\u00e4mningen av dessa anvisningar till bilparkeringens anv\u00e4ndare. En ny\/extra nyckel till elstolparna kan tillverkas hos en l\u00e5ssmed. F\u00f6r kostnaderna av extra nyckel svarar anv\u00e4ndaren.<\/p>\n\n<\/div>\r\n<\/div>\r\n<\/div>\r\n<\/div>\n\n<div class=\"image-and-text wp-block has-media-on-the-right shadow\">\r\n<div class=\"row rounded\">\r\n    <div class=\"col-12 col-md-6 image-col\">\r\n\r\n        <img loading=\"lazy\" decoding=\"async\" width=\"800\" height=\"534\" src=\"https:\/\/arabianpalvelu.fi\/wp-content\/uploads\/2023\/04\/arabian-palvelut-1-1024x683.jpg\" class=\"attachment-large size-large\" alt=\"\" srcset=\"https:\/\/arabianpalvelu.fi\/wp-content\/uploads\/2023\/04\/arabian-palvelut-1-1024x683.jpg 1024w, https:\/\/arabianpalvelu.fi\/wp-content\/uploads\/2023\/04\/arabian-palvelut-1-300x200.jpg 300w, https:\/\/arabianpalvelu.fi\/wp-content\/uploads\/2023\/04\/arabian-palvelut-1-768x512.jpg 768w, https:\/\/arabianpalvelu.fi\/wp-content\/uploads\/2023\/04\/arabian-palvelut-1-1536x1024.jpg 1536w, https:\/\/arabianpalvelu.fi\/wp-content\/uploads\/2023\/04\/arabian-palvelut-1.jpg 1920w\" sizes=\"auto, (max-width: 800px) 100vw, 800px\" \/>    <\/div>\r\n\r\n    <div class=\"col-12 col-md-6 text-col has-background has-white-background-color\"><div class=\"acf-innerblocks-container\">\n\n<h3 class=\"wp-block-heading\">Servicebolagets ansvar<\/h3>\n\n\n\n<p>Arabian Palvelu fr\u00e5ns\u00e4ger sig allt ansvar f\u00f6r eldistributionen, begr\u00e4nsningar i utrustningens funktion och andra brister p\u00e5 parkeringsplatsen. Vi svarar heller inte f\u00f6r direkta eller indirekta skador som brand, vatten, damm, sot, st\u00f6ld, skadeg\u00f6relse, etc. v\u00e5llat egendom p\u00e5 parkeringsplatsen.<\/p>\n\n<\/div>\r\n<\/div>\r\n<\/div>\r\n<\/div>","protected":false},"excerpt":{"rendered":"<p>Parkeringplatserna som h\u00f6r till Arabian Palvelu Oy f\u00f6rvaltas av husbolagen. Uthyrningen sk\u00f6ts vanligen av husbolagets egna disponent. Reservnyckel kan best\u00e4llas fr\u00e5n l\u00e5ssmed p\u00e5 egen bekostnad. Felmeddelande om parkeringsplatsen under Arabian Palvelu Oy:s ansvar Tehomen Oytelef. 050 911 3857 (kundtj\u00e4nst)e-post:&nbsp;info@tehomen.fi \u00d6vrig parkering Helsingsfors stad ansvarar f\u00f6r den allm\u00e4nna parkeringen l\u00e4ngst gatorna, samt \u00f6vervakningen av den. Helsingfors [&hellip;]<\/p>\n","protected":false},"author":1,"featured_media":0,"parent":0,"menu_order":0,"comment_status":"closed","ping_status":"closed","template":"","meta":{"_acf_changed":false,"footnotes":""},"class_list":["post-4371","page","type-page","status-publish","hentry"],"acf":[],"aioseo_notices":[],"_links":{"self":[{"href":"https:\/\/arabianpalvelu.fi\/sv\/wp-json\/wp\/v2\/pages\/4371","targetHints":{"allow":["GET"]}}],"collection":[{"href":"https:\/\/arabianpalvelu.fi\/sv\/wp-json\/wp\/v2\/pages"}],"about":[{"href":"https:\/\/arabianpalvelu.fi\/sv\/wp-json\/wp\/v2\/types\/page"}],"author":[{"embeddable":true,"href":"https:\/\/arabianpalvelu.fi\/sv\/wp-json\/wp\/v2\/users\/1"}],"replies":[{"embeddable":true,"href":"https:\/\/arabianpalvelu.fi\/sv\/wp-json\/wp\/v2\/comments?post=4371"}],"version-history":[{"count":0,"href":"https:\/\/arabianpalvelu.fi\/sv\/wp-json\/wp\/v2\/pages\/4371\/revisions"}],"wp:attachment":[{"href":"https:\/\/arabianpalvelu.fi\/sv\/wp-json\/wp\/v2\/media?parent=4371"}],"curies":[{"name":"wp","href":"https:\/\/api.w.org\/{rel}","templated":true}]}}