{"id":4376,"date":"2023-04-26T13:31:52","date_gmt":"2023-04-26T10:31:52","guid":{"rendered":"https:\/\/arabianpalvelu.fi\/bokvillan\/"},"modified":"2023-05-03T11:11:12","modified_gmt":"2023-05-03T08:11:12","slug":"bokvillan","status":"publish","type":"page","link":"https:\/\/arabianpalvelu.fi\/sv\/bokvillan\/","title":{"rendered":"Bokvillan"},"content":{"rendered":"\r\n\r\n\r\n    <div class=\"swiper heroswiper alignfull\">\r\n        <!-- Additional required wrapper -->\r\n        <div class=\"swiper-wrapper\">\r\n            \n\r\n\r\n<section class=\"hero site-banner banner-bg-image section-image-only  alignfull image swiper-slide\">\r\n\r\n    <div class=\"site-banner-bg section-bg-image \" >\r\n\r\n        <img loading=\"lazy\" decoding=\"async\" width=\"1152\" height=\"768\" src=\"https:\/\/arabianpalvelu.fi\/wp-content\/uploads\/2023\/04\/b1.jpg\" class=\"attachment-1536\u00d71536 size-1536\u00d71536\" alt=\"\" srcset=\"https:\/\/arabianpalvelu.fi\/wp-content\/uploads\/2023\/04\/b1.jpg 1152w, https:\/\/arabianpalvelu.fi\/wp-content\/uploads\/2023\/04\/b1-300x200.jpg 300w, https:\/\/arabianpalvelu.fi\/wp-content\/uploads\/2023\/04\/b1-1024x683.jpg 1024w, https:\/\/arabianpalvelu.fi\/wp-content\/uploads\/2023\/04\/b1-768x512.jpg 768w\" sizes=\"auto, (max-width: 1152px) 100vw, 1152px\" \/>\r\n        \r\n        <\/section>\n\n\r\n\r\n<section class=\"hero site-banner banner-bg-image section-image-only  alignfull image swiper-slide\">\r\n\r\n    <div class=\"site-banner-bg section-bg-image \" >\r\n\r\n        <img loading=\"lazy\" decoding=\"async\" width=\"2064\" height=\"1376\" src=\"https:\/\/arabianpalvelu.fi\/wp-content\/uploads\/2023\/04\/b2-uai-2064x1376-1.jpg\" class=\"attachment-1536\u00d71536 size-1536\u00d71536\" alt=\"\" srcset=\"https:\/\/arabianpalvelu.fi\/wp-content\/uploads\/2023\/04\/b2-uai-2064x1376-1.jpg 2064w, https:\/\/arabianpalvelu.fi\/wp-content\/uploads\/2023\/04\/b2-uai-2064x1376-1-300x200.jpg 300w, https:\/\/arabianpalvelu.fi\/wp-content\/uploads\/2023\/04\/b2-uai-2064x1376-1-1024x683.jpg 1024w, https:\/\/arabianpalvelu.fi\/wp-content\/uploads\/2023\/04\/b2-uai-2064x1376-1-768x512.jpg 768w, https:\/\/arabianpalvelu.fi\/wp-content\/uploads\/2023\/04\/b2-uai-2064x1376-1-1536x1024.jpg 1536w, https:\/\/arabianpalvelu.fi\/wp-content\/uploads\/2023\/04\/b2-uai-2064x1376-1-2048x1365.jpg 2048w\" sizes=\"auto, (max-width: 2064px) 100vw, 2064px\" \/>\r\n        \r\n        <\/section>\n\n\r\n\r\n<section class=\"hero site-banner banner-bg-image section-image-only  alignfull image swiper-slide\">\r\n\r\n    <div class=\"site-banner-bg section-bg-image \" >\r\n\r\n        <img loading=\"lazy\" decoding=\"async\" width=\"960\" height=\"720\" src=\"https:\/\/arabianpalvelu.fi\/wp-content\/uploads\/2023\/04\/bokvillan-talvi-1.jpg\" class=\"attachment-1536\u00d71536 size-1536\u00d71536\" alt=\"\" srcset=\"https:\/\/arabianpalvelu.fi\/wp-content\/uploads\/2023\/04\/bokvillan-talvi-1.jpg 960w, https:\/\/arabianpalvelu.fi\/wp-content\/uploads\/2023\/04\/bokvillan-talvi-1-300x225.jpg 300w, https:\/\/arabianpalvelu.fi\/wp-content\/uploads\/2023\/04\/bokvillan-talvi-1-768x576.jpg 768w\" sizes=\"auto, (max-width: 960px) 100vw, 960px\" \/>\r\n        \r\n        <\/section>\n        <\/div>\r\n        <!-- If we need pagination -->\r\n                    <div class=\"swiper-pagination\"><\/div>\r\n        \r\n        <!-- If we need navigation buttons -->\r\n                    <div class=\"swiper-button-prev\"><\/div>\r\n            <div class=\"swiper-button-next\"><\/div>\r\n        \r\n    <\/div>\r\n\r\n    \r\n\n\n\n<h1 class=\"wp-block-heading\">Bokvillan<\/h1>\n\n\n\n<p><strong>Bokvillan byggdes \u00e5r 1872 av bokf\u00f6rs\u00e4ljaren Gustaf Wilhelm Edlund till ett sommarst\u00e4lle. Efter Edlundska sl\u00e4kten har Bokvillan bl.a. fungerat som Arabias poslinfabriksdirekt\u00f6rns tj\u00e4nstebostad. Villan renoverades 2010-2012, och innand\u00f6met lagades o besvara sen 40- tals stil.&nbsp; Bokvillan \u00f6ppnades f\u00f6r allm\u00e4nheten i september 2013.<\/strong><\/p>\n\n\n\n<p>Den tv\u00e5v\u00e5niga villan har utrymmen till m\u00e5nga behov! Hos oss kan ni ordna hobby-grupper, kurser och klubbar, fester och andra tillf\u00e4llen! Ut\u00f6ver festsalen har villan olika slags klubb-utrymmen, arbetsrum, k\u00f6k med matsal, bibliotek osv.<\/p>\n\n\n\n<h2 class=\"wp-block-heading\">Fest i Bokvillan<\/h2>\n\n\n\n<p><a><\/a>Bokvillanis anl\u00e4ggningar betj\u00e4nar i livets alla skeden \u2013 hos oss h\u00e5ller ni namngivningsfester, f\u00f6delsedagar, examensfester, br\u00f6llop och minnesevenemang. Dessutom hyrs lokalerna t.ex. f\u00f6r m\u00f6tesbruk.<\/p>\n\n\n\n<p>Den gamla villans charmiga milj\u00f6 och det idealiska l\u00e4get n\u00e4ra Helsingfors centrum skapar en underbar milj\u00f6 f\u00f6r m\u00e5nga typer av evenemang. Huset kan ta emot max 100 festdeltagare \u00e5t g\u00e5ngen.<\/p>\n\n\n\n<p>Mer information hittar du p\u00e5 Bokvillans hemsida <a href=\"https:\/\/bokvillan.fi\/\" title=\"\">www.bokvillan.fi<\/a><\/p>\n\n\n\n<p>Rumsbokningar g\u00f6rs via bokningskalendern p\u00e5 hemsidan.<\/p>\n\n\n\n<p>Bokvillanis rymdkoordinator Enni \u00e4r d\u00e4r tisdagar och torsdagar kl 10-18. Med henne kan ni komma \u00f6verrend om bes\u00f6k, fr\u00e5ga om lokalerna, utrustning och annat relaterat till fastigheten.<\/p>\n\n\n\n<p>Ni n\u00e5r rymdsamordnaren p\u00e5 e-post <a href=\"mailto:varaukset@arabianpalvelu.fi\">varaukset@arabianpalvelu.fi<\/a> eller per telefon 040 1299 305.<\/p>\n\n\n\n<p>Vi svarar p\u00e5 kontakter inom n\u00e5gra arbetsdagar.<\/p>\n","protected":false},"excerpt":{"rendered":"<p>Bokvillan Bokvillan byggdes \u00e5r 1872 av bokf\u00f6rs\u00e4ljaren Gustaf Wilhelm Edlund till ett sommarst\u00e4lle. Efter Edlundska sl\u00e4kten har Bokvillan bl.a. fungerat som Arabias poslinfabriksdirekt\u00f6rns tj\u00e4nstebostad. Villan renoverades 2010-2012, och innand\u00f6met lagades o besvara sen 40- tals stil.&nbsp; Bokvillan \u00f6ppnades f\u00f6r allm\u00e4nheten i september 2013. Den tv\u00e5v\u00e5niga villan har utrymmen till m\u00e5nga behov! Hos oss kan ni [&hellip;]<\/p>\n","protected":false},"author":1,"featured_media":0,"parent":0,"menu_order":0,"comment_status":"closed","ping_status":"closed","template":"","meta":{"_acf_changed":false,"footnotes":""},"class_list":["post-4376","page","type-page","status-publish","hentry"],"acf":[],"aioseo_notices":[],"_links":{"self":[{"href":"https:\/\/arabianpalvelu.fi\/sv\/wp-json\/wp\/v2\/pages\/4376","targetHints":{"allow":["GET"]}}],"collection":[{"href":"https:\/\/arabianpalvelu.fi\/sv\/wp-json\/wp\/v2\/pages"}],"about":[{"href":"https:\/\/arabianpalvelu.fi\/sv\/wp-json\/wp\/v2\/types\/page"}],"author":[{"embeddable":true,"href":"https:\/\/arabianpalvelu.fi\/sv\/wp-json\/wp\/v2\/users\/1"}],"replies":[{"embeddable":true,"href":"https:\/\/arabianpalvelu.fi\/sv\/wp-json\/wp\/v2\/comments?post=4376"}],"version-history":[{"count":0,"href":"https:\/\/arabianpalvelu.fi\/sv\/wp-json\/wp\/v2\/pages\/4376\/revisions"}],"wp:attachment":[{"href":"https:\/\/arabianpalvelu.fi\/sv\/wp-json\/wp\/v2\/media?parent=4376"}],"curies":[{"name":"wp","href":"https:\/\/api.w.org\/{rel}","templated":true}]}}