{"id":4384,"date":"2023-04-26T14:23:05","date_gmt":"2023-04-26T11:23:05","guid":{"rendered":"https:\/\/arabianpalvelu.fi\/huolto-ja-vikailmoitukset\/"},"modified":"2023-07-03T11:20:51","modified_gmt":"2023-07-03T08:20:51","slug":"service-och-felanmalan","status":"publish","type":"page","link":"https:\/\/arabianpalvelu.fi\/sv\/service-och-felanmalan\/","title":{"rendered":"Service och felanm\u00e4lan"},"content":{"rendered":"\r\n\r\n<section class=\"hero site-banner banner-bg-image section-default default alignfull image\">\r\n\r\n    <div class=\"site-banner-bg section-bg-image \" >\r\n\r\n        <img loading=\"lazy\" decoding=\"async\" width=\"1920\" height=\"1295\" src=\"https:\/\/arabianpalvelu.fi\/wp-content\/uploads\/2023\/04\/arabian-palvelut-6.jpg\" class=\"attachment-1536\u00d71536 size-1536\u00d71536\" alt=\"\" srcset=\"https:\/\/arabianpalvelu.fi\/wp-content\/uploads\/2023\/04\/arabian-palvelut-6.jpg 1920w, https:\/\/arabianpalvelu.fi\/wp-content\/uploads\/2023\/04\/arabian-palvelut-6-300x202.jpg 300w, https:\/\/arabianpalvelu.fi\/wp-content\/uploads\/2023\/04\/arabian-palvelut-6-1024x691.jpg 1024w, https:\/\/arabianpalvelu.fi\/wp-content\/uploads\/2023\/04\/arabian-palvelut-6-768x518.jpg 768w, https:\/\/arabianpalvelu.fi\/wp-content\/uploads\/2023\/04\/arabian-palvelut-6-1536x1036.jpg 1536w\" sizes=\"auto, (max-width: 1920px) 100vw, 1920px\" \/>\r\n        \r\n            <div class=\"site-banner-content container \">\r\n                <div class=\"row w-100\">\r\n                    <div class=\"col-md-12\">\r\n\r\n                        <h1 class=\"hero-title\">Service och felanm\u00e4lan<\/h1><div class=\"inner-content\">\r\n                            <div class=\"acf-innerblocks-container\"><\/div>\r\n                        <\/div>                    <\/div>\r\n                <\/div>\r\n            <\/div>\r\n        \r\n        <\/div><\/section>\n\n\n<p>Arabian Palvelu har ett serviceavtal med MAK Oy. MAK ansvarar f\u00f6r sk\u00f6tsel och underh\u00e5ll av de parkeringsomr\u00e5den, kollektiva g\u00e5rdar och klubblokalen Bokvillan.<\/p>\n\n\n\n<p>Underh\u00e5lls- och felanm\u00e4lan f\u00f6r parkeringsplatser, kollektiva g\u00e5rdarna och deras lek- och idrottsredskap g\u00f6rs direkt till MAK. Felanm\u00e4lan g\u00e4llande elstolpar g\u00f6rs direkt till Tehomen Oy.<\/p>\n\n\n\n<p>Vid underh\u00e5lls- eller felanm\u00e4lan, ange vilken g\u00e5rd eller parkeringsplats (ange \u00e4ven parkeringsplatsens nummer!) ni menar och beskriv problemet m\u00f6jligast noggrant.<\/p>\n\n\n\n<h2 class=\"wp-block-heading\">Kontaktuppgifter<\/h2>\n\n\n\n<p>MAK Oy<br>Tel. 020 7303300 (Kundtj\u00e4nst)<br>E-post:&nbsp;<a href=\"mailto:asiakaspalvelu@mak.fi\">asiakaspalvelu@mak.fi<\/a><\/p>\n\n\n\n<p>Kundtj\u00e4nst \u00f6ppen vardagar mellan 8:30-16:00<\/p>\n\n\n\n<p>Ni kan \u00e4ven kontakta servicebolaget via deras&nbsp;<a href=\"https:\/\/www.tapiolanlampo.fi\/toiminta-alue\/kiinteistohuolto-mak\/huoltopyynt\u00f6\">hemsida<\/a>.<\/p>\n\n\n\n<h3 class=\"wp-block-heading\">Gatuomr\u00e5denas sk\u00f6tsel och underh\u00e5ll<\/h3>\n\n\n\n<p>Gatuomr\u00e5dena sk\u00f6ts av Stara, Helsingfors<br>Adress: Ilmalankuja 2 L<br>00240 Helsinki<br>Kundtj\u00e4nst:&nbsp;<a href=\"tel:+358931017000\">(09) 310 17000<\/a><\/p>\n\n\n\n<h3 class=\"wp-block-heading\">Allm\u00e4n parkering p\u00e5 gatuomr\u00e5det <\/h3>\n\n\n\n<p>Helsingfors stads parkerings\u00f6vervakning<br>Kundtj\u00e4nst<br>Telefon:&nbsp;<a href=\"https:\/\/arabianpalvelu.fi\/sv\/service-och-felanmalan\/%22tel:+358931039000\">(09) 310 39 000<\/a><br>E-post:&nbsp;<a href=\"https:\/\/arabianpalvelu.fi\/sv\/service-och-felanmalan\/%22mailto:pysakointi@hel.fi\">pysakointi@hel.fi<\/a><br>Jourtelefon:&nbsp;<a href=\"https:\/\/arabianpalvelu.fi\/sv\/service-och-felanmalan\/%22tel:+358931029814\">(09) 310 29814<\/a><\/p>\n","protected":false},"excerpt":{"rendered":"<p>Arabian Palvelu har ett serviceavtal med MAK Oy. MAK ansvarar f\u00f6r sk\u00f6tsel och underh\u00e5ll av de parkeringsomr\u00e5den, kollektiva g\u00e5rdar och klubblokalen Bokvillan. Underh\u00e5lls- och felanm\u00e4lan f\u00f6r parkeringsplatser, kollektiva g\u00e5rdarna och deras lek- och idrottsredskap g\u00f6rs direkt till MAK. Felanm\u00e4lan g\u00e4llande elstolpar g\u00f6rs direkt till Tehomen Oy. Vid underh\u00e5lls- eller felanm\u00e4lan, ange vilken g\u00e5rd eller parkeringsplats [&hellip;]<\/p>\n","protected":false},"author":1,"featured_media":0,"parent":0,"menu_order":0,"comment_status":"closed","ping_status":"closed","template":"","meta":{"_acf_changed":false,"footnotes":""},"class_list":["post-4384","page","type-page","status-publish","hentry"],"acf":[],"aioseo_notices":[],"_links":{"self":[{"href":"https:\/\/arabianpalvelu.fi\/sv\/wp-json\/wp\/v2\/pages\/4384","targetHints":{"allow":["GET"]}}],"collection":[{"href":"https:\/\/arabianpalvelu.fi\/sv\/wp-json\/wp\/v2\/pages"}],"about":[{"href":"https:\/\/arabianpalvelu.fi\/sv\/wp-json\/wp\/v2\/types\/page"}],"author":[{"embeddable":true,"href":"https:\/\/arabianpalvelu.fi\/sv\/wp-json\/wp\/v2\/users\/1"}],"replies":[{"embeddable":true,"href":"https:\/\/arabianpalvelu.fi\/sv\/wp-json\/wp\/v2\/comments?post=4384"}],"version-history":[{"count":0,"href":"https:\/\/arabianpalvelu.fi\/sv\/wp-json\/wp\/v2\/pages\/4384\/revisions"}],"wp:attachment":[{"href":"https:\/\/arabianpalvelu.fi\/sv\/wp-json\/wp\/v2\/media?parent=4384"}],"curies":[{"name":"wp","href":"https:\/\/api.w.org\/{rel}","templated":true}]}}