{"id":4392,"date":"2023-04-26T14:19:08","date_gmt":"2023-04-26T11:19:08","guid":{"rendered":"https:\/\/arabianpalvelu.fi\/taide\/"},"modified":"2023-05-03T12:22:46","modified_gmt":"2023-05-03T09:22:46","slug":"arabiastrandens-konstverk","status":"publish","type":"page","link":"https:\/\/arabianpalvelu.fi\/sv\/arabiastrandens-konstverk\/","title":{"rendered":"Arabiastrandens konstverk"},"content":{"rendered":"\r\n\r\n\r\n    <div class=\"swiper heroswiper alignfull\">\r\n        <!-- Additional required wrapper -->\r\n        <div class=\"swiper-wrapper\">\r\n            \n\r\n\r\n<section class=\"hero site-banner banner-bg-image section-image-only  alignfull image swiper-slide\">\r\n\r\n    <div class=\"site-banner-bg section-bg-image \" >\r\n\r\n        <img loading=\"lazy\" decoding=\"async\" width=\"1920\" height=\"1079\" src=\"https:\/\/arabianpalvelu.fi\/wp-content\/uploads\/2023\/04\/aavikkotuuli-01.jpg\" class=\"attachment-1536\u00d71536 size-1536\u00d71536\" alt=\"\" srcset=\"https:\/\/arabianpalvelu.fi\/wp-content\/uploads\/2023\/04\/aavikkotuuli-01.jpg 1920w, https:\/\/arabianpalvelu.fi\/wp-content\/uploads\/2023\/04\/aavikkotuuli-01-300x169.jpg 300w, https:\/\/arabianpalvelu.fi\/wp-content\/uploads\/2023\/04\/aavikkotuuli-01-1024x575.jpg 1024w, https:\/\/arabianpalvelu.fi\/wp-content\/uploads\/2023\/04\/aavikkotuuli-01-768x432.jpg 768w, https:\/\/arabianpalvelu.fi\/wp-content\/uploads\/2023\/04\/aavikkotuuli-01-1536x863.jpg 1536w\" sizes=\"auto, (max-width: 1920px) 100vw, 1920px\" \/>\r\n        \r\n        <\/section>\n\n\r\n\r\n<section class=\"hero site-banner banner-bg-image section-image-only  alignfull image swiper-slide\">\r\n\r\n    <div class=\"site-banner-bg section-bg-image \" >\r\n\r\n        <img loading=\"lazy\" decoding=\"async\" width=\"1920\" height=\"1079\" src=\"https:\/\/arabianpalvelu.fi\/wp-content\/uploads\/2023\/04\/aavikkotuuli-02.jpg\" class=\"attachment-1536\u00d71536 size-1536\u00d71536\" alt=\"\" srcset=\"https:\/\/arabianpalvelu.fi\/wp-content\/uploads\/2023\/04\/aavikkotuuli-02.jpg 1920w, https:\/\/arabianpalvelu.fi\/wp-content\/uploads\/2023\/04\/aavikkotuuli-02-300x169.jpg 300w, https:\/\/arabianpalvelu.fi\/wp-content\/uploads\/2023\/04\/aavikkotuuli-02-1024x575.jpg 1024w, https:\/\/arabianpalvelu.fi\/wp-content\/uploads\/2023\/04\/aavikkotuuli-02-768x432.jpg 768w, https:\/\/arabianpalvelu.fi\/wp-content\/uploads\/2023\/04\/aavikkotuuli-02-1536x863.jpg 1536w\" sizes=\"auto, (max-width: 1920px) 100vw, 1920px\" \/>\r\n        \r\n        <\/section>\n\n\r\n\r\n<section class=\"hero site-banner banner-bg-image section-image-only  alignfull image swiper-slide\">\r\n\r\n    <div class=\"site-banner-bg section-bg-image \" >\r\n\r\n        <img loading=\"lazy\" decoding=\"async\" width=\"1920\" height=\"1079\" src=\"https:\/\/arabianpalvelu.fi\/wp-content\/uploads\/2023\/04\/arabianvillojen-taideseina.jpg\" class=\"attachment-1536\u00d71536 size-1536\u00d71536\" alt=\"\" srcset=\"https:\/\/arabianpalvelu.fi\/wp-content\/uploads\/2023\/04\/arabianvillojen-taideseina.jpg 1920w, https:\/\/arabianpalvelu.fi\/wp-content\/uploads\/2023\/04\/arabianvillojen-taideseina-300x169.jpg 300w, https:\/\/arabianpalvelu.fi\/wp-content\/uploads\/2023\/04\/arabianvillojen-taideseina-1024x575.jpg 1024w, https:\/\/arabianpalvelu.fi\/wp-content\/uploads\/2023\/04\/arabianvillojen-taideseina-768x432.jpg 768w, https:\/\/arabianpalvelu.fi\/wp-content\/uploads\/2023\/04\/arabianvillojen-taideseina-1536x863.jpg 1536w\" sizes=\"auto, (max-width: 1920px) 100vw, 1920px\" \/>\r\n        \r\n        <\/section>\n\n\r\n\r\n<section class=\"hero site-banner banner-bg-image section-image-only  alignfull image swiper-slide\">\r\n\r\n    <div class=\"site-banner-bg section-bg-image \" >\r\n\r\n        <img loading=\"lazy\" decoding=\"async\" width=\"1920\" height=\"1079\" src=\"https:\/\/arabianpalvelu.fi\/wp-content\/uploads\/2023\/04\/arabiankukkia-01.jpg\" class=\"attachment-1536\u00d71536 size-1536\u00d71536\" alt=\"\" srcset=\"https:\/\/arabianpalvelu.fi\/wp-content\/uploads\/2023\/04\/arabiankukkia-01.jpg 1920w, https:\/\/arabianpalvelu.fi\/wp-content\/uploads\/2023\/04\/arabiankukkia-01-300x169.jpg 300w, https:\/\/arabianpalvelu.fi\/wp-content\/uploads\/2023\/04\/arabiankukkia-01-1024x575.jpg 1024w, https:\/\/arabianpalvelu.fi\/wp-content\/uploads\/2023\/04\/arabiankukkia-01-768x432.jpg 768w, https:\/\/arabianpalvelu.fi\/wp-content\/uploads\/2023\/04\/arabiankukkia-01-1536x863.jpg 1536w\" sizes=\"auto, (max-width: 1920px) 100vw, 1920px\" \/>\r\n        \r\n        <\/section>\n\n\r\n\r\n<section class=\"hero site-banner banner-bg-image section-image-only  alignfull image swiper-slide\">\r\n\r\n    <div class=\"site-banner-bg section-bg-image \" >\r\n\r\n        <img loading=\"lazy\" decoding=\"async\" width=\"1920\" height=\"1079\" src=\"https:\/\/arabianpalvelu.fi\/wp-content\/uploads\/2023\/04\/arabiankukkia-02.jpg\" class=\"attachment-1536\u00d71536 size-1536\u00d71536\" alt=\"\" srcset=\"https:\/\/arabianpalvelu.fi\/wp-content\/uploads\/2023\/04\/arabiankukkia-02.jpg 1920w, https:\/\/arabianpalvelu.fi\/wp-content\/uploads\/2023\/04\/arabiankukkia-02-300x169.jpg 300w, https:\/\/arabianpalvelu.fi\/wp-content\/uploads\/2023\/04\/arabiankukkia-02-1024x575.jpg 1024w, https:\/\/arabianpalvelu.fi\/wp-content\/uploads\/2023\/04\/arabiankukkia-02-768x432.jpg 768w, https:\/\/arabianpalvelu.fi\/wp-content\/uploads\/2023\/04\/arabiankukkia-02-1536x863.jpg 1536w\" sizes=\"auto, (max-width: 1920px) 100vw, 1920px\" \/>\r\n        \r\n        <\/section>\n\n\r\n\r\n<section class=\"hero site-banner banner-bg-image section-image-only  alignfull image swiper-slide\">\r\n\r\n    <div class=\"site-banner-bg section-bg-image \" >\r\n\r\n        <img loading=\"lazy\" decoding=\"async\" width=\"1920\" height=\"1079\" src=\"https:\/\/arabianpalvelu.fi\/wp-content\/uploads\/2023\/04\/arcadanleijonat.jpg\" class=\"attachment-1536\u00d71536 size-1536\u00d71536\" alt=\"\" srcset=\"https:\/\/arabianpalvelu.fi\/wp-content\/uploads\/2023\/04\/arcadanleijonat.jpg 1920w, https:\/\/arabianpalvelu.fi\/wp-content\/uploads\/2023\/04\/arcadanleijonat-300x169.jpg 300w, https:\/\/arabianpalvelu.fi\/wp-content\/uploads\/2023\/04\/arcadanleijonat-1024x575.jpg 1024w, https:\/\/arabianpalvelu.fi\/wp-content\/uploads\/2023\/04\/arcadanleijonat-768x432.jpg 768w, https:\/\/arabianpalvelu.fi\/wp-content\/uploads\/2023\/04\/arcadanleijonat-1536x863.jpg 1536w\" sizes=\"auto, (max-width: 1920px) 100vw, 1920px\" \/>\r\n        \r\n        <\/section>\n\n\r\n\r\n<section class=\"hero site-banner banner-bg-image section-image-only  alignfull image swiper-slide\">\r\n\r\n    <div class=\"site-banner-bg section-bg-image \" >\r\n\r\n        <img loading=\"lazy\" decoding=\"async\" width=\"800\" height=\"448\" src=\"https:\/\/arabianpalvelu.fi\/wp-content\/uploads\/2023\/04\/taideteos-kaj-franckin-pihalla.jpg\" class=\"attachment-1536\u00d71536 size-1536\u00d71536\" alt=\"\" srcset=\"https:\/\/arabianpalvelu.fi\/wp-content\/uploads\/2023\/04\/taideteos-kaj-franckin-pihalla.jpg 800w, https:\/\/arabianpalvelu.fi\/wp-content\/uploads\/2023\/04\/taideteos-kaj-franckin-pihalla-300x168.jpg 300w, https:\/\/arabianpalvelu.fi\/wp-content\/uploads\/2023\/04\/taideteos-kaj-franckin-pihalla-768x430.jpg 768w\" sizes=\"auto, (max-width: 800px) 100vw, 800px\" \/>\r\n        \r\n        <\/section>\n        <\/div>\r\n        <!-- If we need pagination -->\r\n                    <div class=\"swiper-pagination\"><\/div>\r\n        \r\n        <!-- If we need navigation buttons -->\r\n                    <div class=\"swiper-button-prev\"><\/div>\r\n            <div class=\"swiper-button-next\"><\/div>\r\n        \r\n    <\/div>\r\n\r\n    \r\n\n\n\n<p>Arabiastranden \u00e4r k\u00e4nd som konst- och designstadsdel, d\u00e4r konsten \u00e4r sammanfl\u00e4tad med de boendes vardagsmilj\u00f6. Det m\u00e4rks inte bara av konstverken utan \u00e4ven av konstutbildningarna, omr\u00e5dets historia samt namnen p\u00e5 platserna och gatorna. Tuula Isohanni (TaT) har arbetat som omr\u00e5dets konstkoordinator och beskriver s\u00e4rdragen hos Arabiastrandens konstverk s\u00e5 h\u00e4r:<\/p>\n\n\n\n<p><em>\u201cKonstverken i Arabiastrandens norra del har placerats i anslutning till entr\u00e9erna. Dessa g\u00f6r att de vardagliga trappuppg\u00e5ngarna skiljer sig fr\u00e5n varandra och markerar de boendes hemkomst. Med hj\u00e4lp av konsten har vi skapat identifierbara platser och accentuerat h\u00e4ndelser som ankomsten till omr\u00e5det, gatans \u00e4nde, \u00f6ppnandet mot strandparken och s\u00e4rskilt boende.\u201d<\/em><\/p>\n\n\n\n<p><em>\u201cI den s\u00f6dra delen eller Toukoranta-omr\u00e5det har det konstn\u00e4rliga konceptet utvecklats till att omfatta en helhet av uteplatser mellan byggnaderna. Dessa \u2018konstg\u00e5rdar\u2019 har f\u00e5tt olika teman och deras konstn\u00e4rer har haft ett n\u00e4ra samarbete med g\u00e5rdarnas designers.\u201d<\/em><\/p>\n\n\n\n<p><em>\u201cInternationellt kunnande i omr\u00e5det f\u00f6retr\u00e4ds av den amerikanska konstn\u00e4ren och regiss\u00f6ren Robert Wilson som designat Tapio Wirkkalas park vid Arabiagatan och som med sina nio rum lockar till gemensamma stunder och aktiviteter.\u201d<\/em><\/p>\n\n\n\n<p>Arabiastranden \u00e4r byggd enligt procentprincipen: staden har f\u00f6rpliktigat byggherrarna att l\u00e4gga 1-2 procent av projektkostnaderna p\u00e5 konstverk. Konstverken i Arabiastranden \u00e4gs av Arabian Palvelu men \u00e4ven husf\u00f6retagen och Helsingfors stad \u00e4ger konstverk i omr\u00e5det.<\/p>\n","protected":false},"excerpt":{"rendered":"<p>Arabiastranden \u00e4r k\u00e4nd som konst- och designstadsdel, d\u00e4r konsten \u00e4r sammanfl\u00e4tad med de boendes vardagsmilj\u00f6. Det m\u00e4rks inte bara av konstverken utan \u00e4ven av konstutbildningarna, omr\u00e5dets historia samt namnen p\u00e5 platserna och gatorna. Tuula Isohanni (TaT) har arbetat som omr\u00e5dets konstkoordinator och beskriver s\u00e4rdragen hos Arabiastrandens konstverk s\u00e5 h\u00e4r: \u201cKonstverken i Arabiastrandens norra del har [&hellip;]<\/p>\n","protected":false},"author":1,"featured_media":0,"parent":0,"menu_order":0,"comment_status":"closed","ping_status":"closed","template":"","meta":{"_acf_changed":false,"footnotes":""},"class_list":["post-4392","page","type-page","status-publish","hentry"],"acf":[],"aioseo_notices":[],"_links":{"self":[{"href":"https:\/\/arabianpalvelu.fi\/sv\/wp-json\/wp\/v2\/pages\/4392","targetHints":{"allow":["GET"]}}],"collection":[{"href":"https:\/\/arabianpalvelu.fi\/sv\/wp-json\/wp\/v2\/pages"}],"about":[{"href":"https:\/\/arabianpalvelu.fi\/sv\/wp-json\/wp\/v2\/types\/page"}],"author":[{"embeddable":true,"href":"https:\/\/arabianpalvelu.fi\/sv\/wp-json\/wp\/v2\/users\/1"}],"replies":[{"embeddable":true,"href":"https:\/\/arabianpalvelu.fi\/sv\/wp-json\/wp\/v2\/comments?post=4392"}],"version-history":[{"count":0,"href":"https:\/\/arabianpalvelu.fi\/sv\/wp-json\/wp\/v2\/pages\/4392\/revisions"}],"wp:attachment":[{"href":"https:\/\/arabianpalvelu.fi\/sv\/wp-json\/wp\/v2\/media?parent=4392"}],"curies":[{"name":"wp","href":"https:\/\/api.w.org\/{rel}","templated":true}]}}